{"id":7084,"date":"2021-03-23T17:53:48","date_gmt":"2021-03-23T14:53:48","guid":{"rendered":"https:\/\/smartfood.ee\/?page_id=7084"},"modified":"2022-01-30T23:04:21","modified_gmt":"2022-01-30T20:04:21","slug":"calorie-calculator","status":"publish","type":"page","link":"https:\/\/smartfood.ee\/en\/calorie-calculator\/","title":{"rendered":"Calorie calculator"},"content":{"rendered":"<div class=\"align wp-block-calories-calculator\">\n  <div class=\"wp-block-calories-calculator__inner-container wysiwyg\">\n    <form id=\"calcalc\" name=\"calcalc\">\n      <table width=\"500\" cellspacing=\"0\" cellpadding=\"2\" border=\"0\" class=\"bank_calculator\">\n        <tbody>\n          <tr>\n            <td align=\"right\">\n              <p align=\"left\"><strong>Sugu:<\/strong><\/p>\n            <\/td>\n            <td colspan=\"2\">\n              <select name=\"Gender\" id=\"Gender\">\n                <option selected=\"\" value=\"f\">Naine<\/option>\n                <option value=\"m\">Mees<\/option>\n              <\/select>\n            <\/td>\n          <\/tr>\n          <tr>\n            <td width=\"214\" align=\"right\" colspan=\"2\">\n              <p align=\"left\"><strong>Kaal (kg):<\/strong><\/p>\n            <\/td>\n            <td width=\"135\"><input type=\"text\" size=\"20\" value=\"60\" name=\"Weight\" id=\"Weight\"><\/td>\n          <\/tr>\n          <tr>\n            <td width=\"214\" align=\"right\" colspan=\"2\">\n              <p align=\"left\"><strong>Pikkus (cm):<\/strong><\/p>\n            <\/td>\n            <td width=\"135\"><input type=\"text\" size=\"20\" value=\"170\" name=\"Height\" id=\"Height\"><\/td>\n          <\/tr>\n          <tr>\n            <td align=\"right\" colspan=\"2\">\n              <p align=\"left\"><strong>Vanus (aastat):<\/strong><\/p>\n            <\/td>\n            <td><input type=\"text\" size=\"20\" value=\"25\" name=\"Age\" id=\"Age\"><\/td>\n          <\/tr>\n          <tr>\n            <td align=\"right\">\n              <p align=\"left\"><strong>F\u00fc\u00fcsiline koormus:<\/strong><\/p>\n            <\/td>\n            <td colspan=\"2\">\n              <select name=\"ActLevel\" id=\"ActLevel\">\n                <option value=\"1.2\">Istuv eluviis (minimaalne kehaline aktiivsus)<\/option>\n                <option selected=\"\" value=\"1.375\">Kerge kehaline aktiivsus (1-3 kerget treeningkorda n\u00e4dalas)<\/option>\n                <option value=\"1.55\">Keskmine kehaline aktiivsus (3-5 treeningkorda n\u00e4dalas)<\/option>\n                <option value=\"1.725\">V\u00e4ga aktiivne (6-7 treeningkorda n\u00e4dalas \/ rasked treeningud)<\/option>\n                <option value=\"1.9\">\u00dcliaktiivne (igap\u00e4evased treeningud \/ 2 x p\u00e4evas treeningud \/ maratonid \/ raske\n                  f\u00fc\u00fcsiline t\u00f6\u00f6)<\/option>\n              <\/select>\n            <\/td>\n          <\/tr>\n          <tr>\n            <td>\n              <div class=\"py-4\">\n                <input type=\"submit\" value=\"Arvuta\">\n              <\/div>\n            <\/td>\n            <td align=\"center\">\n            <\/td>\n            <td align=\"center\">\n              <div align=\"left\"><\/div>\n            <\/td>\n          <\/tr>\n        <\/tbody>\n      <\/table>\n      <div id=\"total\" class=\"item\">\n        <table class=\"kalkul-tabel\" width=\"500\" cellspacing=\"0\" cellpadding=\"2\" border=\"0\">\n          <tbody>\n\n            <tr>\n              <td>\n                <p class=\"red\"><strong>P\u00e4evane kalorikulu (kcal):<\/strong><\/p>\n              <\/td>\n              <td>\n                <p id=\"AvgCalDay\">1870<\/p>\n              <\/td>\n            <\/tr>\n            <tr>\n              <td colspan=\"2\">\n                <p>\n                  Nii palju kaloreid p\u00f5letab Sinu organism p\u00e4evas, v\u00f5ttes arvesse ka Su f\u00fc\u00fcsilist koormust.\n                <\/p>\n                <ul>\n                  <li class=\"font-bold text-secondary\">\n                    Kaalu hoidmiseks ei tohiks Sa antud kalorite hulka \u00fcletada.\n                  <\/li>\n                  <li class=\"font-bold text-secondary\">\n                    Kaalu alandamiseks v\u00f5iksid tarbida v\u00e4hem kaloreid, kui see tulemus siin (ca 200-300 kcal).\n                  <\/li>\n                <\/ul>\n                <p class=\"font-bold text-secondary\">\n                  NB! Kindlasti ei tohi p\u00e4evast kalorite hulka lasta alla BAV tulemuse!\n                <\/p>\n                <p>\n                  Kui oled rase v\u00f5i imetav ema, lisa siia sellest tulenev lisaenergiavajadus:\n                <\/p>\n                <ul>\n                  <li>\n                    Kui raseduse t\u00f5ttu f\u00fc\u00fcsiline aktiivsus v\u00e4henes, siis lisaenergiavajadus on 0\n                  <\/li>\n                  <li>\n                    Raseduse-eelse f\u00fc\u00fcsilise aktiivsuse s\u00e4ilimisel raseduse ajal on lisaenergiavajadus kuni 300 kcal\n                    p\u00e4evas\n                  <\/li>\n                  <li>\n                    Imetavate emade lisaenergiavajadus on 500-650 kcal p\u00e4evas\n                  <\/li>\n                <\/ul>\n                <p>\n                  Kindlasti konsulteeri t\u00e4pset energiavajadust enne tellimuse esitamist oma arstiga!\n                <\/p>\n              <\/td>\n            <\/tr>\n            <tr>\n              <td width=\"140\">\n                <p class=\"red\"><strong>Baasainevahetus (kcal):<\/strong><\/p>\n              <\/td>\n              <td width=\"352\">\n                <p id=\"BAV\">1360<\/p>\n              <\/td>\n            <\/tr>\n            <tr>\n              <td colspan=\"2\">\n                <p>\n                  \u00d6\u00f6p\u00e4evast energiahulka, mis on vajalik Sinu keha eluliste funktsioonide tagamiseks, nimetatakse\n                  baasainevahetuseks (BAV). See on energia hulk, mille Sinu organism p\u00f5letab p\u00e4evas \u00e4ra ka igasuguse\n                  f\u00fc\u00fcsilise koormuse puudumisel.\n                <\/p>\n\n                <p>\n                  Selle, mida Sa s\u00f6\u00f6d ja jood, muudab keha ainevahetuse k\u00e4igus energiaks. Isegi siis, kui Sa f\u00fc\u00fcsiliselt\n                  midagi ei tee, kaotab Sinu keha energiat, sest see on vajalik organismi \u00fclalhoidmiseks &#8211; neid\n                  kaloreid on vaja hingamiseks, s\u00fcdame ja vereringe t\u00f6\u00f6ks, rakkude uuendamiseks, maksa ja neerude\n                  talitluseks ning organismis toimuva mis tahes muu reaktsiooni tagamiseks.\n                <\/p>\n\n                <p>\n                  Teades oma BAV-d, on v\u00f5imalik kindlaks m\u00e4\u00e4rata, kui palju kaloreid on Sul minimaalselt p\u00e4evas tarvis\n                  toiduga saada.\n                <\/p>\n              <\/td>\n            <\/tr>\n          <\/tbody>\n        <\/table>\n      <\/div>\n    <\/form>\n  <\/div>\n<\/div>\n","protected":false},"excerpt":{"rendered":"","protected":false},"author":11,"featured_media":0,"parent":0,"menu_order":0,"comment_status":"closed","ping_status":"closed","template":"","meta":{"footnotes":""},"class_list":["post-7084","page","type-page","status-publish","hentry"],"acf":[],"yoast_head":"<!-- This site is optimized with the Yoast SEO Premium plugin v26.1 (Yoast SEO v26.1.1) - https:\/\/yoast.com\/wordpress\/plugins\/seo\/ -->\n<title>Calorie calculator - SmartFOOD<\/title>\n<meta name=\"description\" content=\"Kindla kalorite hulgaga kogu p\u00e4eva toit koju v\u00f5i kontorisse\" \/>\n<meta name=\"robots\" content=\"index, follow, max-snippet:-1, max-image-preview:large, max-video-preview:-1\" \/>\n<link rel=\"canonical\" href=\"https:\/\/smartfood.ee\/en\/calorie-calculator\/\" \/>\n<meta property=\"og:locale\" content=\"en_US\" \/>\n<meta property=\"og:type\" content=\"article\" \/>\n<meta property=\"og:title\" content=\"Calorie calculator\" \/>\n<meta property=\"og:description\" content=\"Kindla kalorite hulgaga kogu p\u00e4eva toit koju v\u00f5i kontorisse\" \/>\n<meta property=\"og:url\" content=\"https:\/\/smartfood.ee\/en\/calorie-calculator\/\" \/>\n<meta property=\"og:site_name\" content=\"SmartFOOD\" \/>\n<meta property=\"article:modified_time\" content=\"2022-01-30T20:04:21+00:00\" \/>\n<meta name=\"twitter:card\" content=\"summary_large_image\" \/>\n<script type=\"application\/ld+json\" class=\"yoast-schema-graph\">{\"@context\":\"https:\/\/schema.org\",\"@graph\":[{\"@type\":\"WebPage\",\"@id\":\"https:\/\/smartfood.ee\/en\/calorie-calculator\/\",\"url\":\"https:\/\/smartfood.ee\/en\/calorie-calculator\/\",\"name\":\"Calorie calculator - SmartFOOD\",\"isPartOf\":{\"@id\":\"https:\/\/smartfood.ee\/en\/#website\"},\"datePublished\":\"2021-03-23T14:53:48+00:00\",\"dateModified\":\"2022-01-30T20:04:21+00:00\",\"breadcrumb\":{\"@id\":\"https:\/\/smartfood.ee\/en\/calorie-calculator\/#breadcrumb\"},\"inLanguage\":\"en-US\",\"potentialAction\":[{\"@type\":\"ReadAction\",\"target\":[\"https:\/\/smartfood.ee\/en\/calorie-calculator\/\"]}]},{\"@type\":\"BreadcrumbList\",\"@id\":\"https:\/\/smartfood.ee\/en\/calorie-calculator\/#breadcrumb\",\"itemListElement\":[{\"@type\":\"ListItem\",\"position\":1,\"name\":\"Home\",\"item\":\"https:\/\/smartfood.ee\/en\/\"},{\"@type\":\"ListItem\",\"position\":2,\"name\":\"Calorie calculator\"}]},{\"@type\":\"WebSite\",\"@id\":\"https:\/\/smartfood.ee\/en\/#website\",\"url\":\"https:\/\/smartfood.ee\/en\/\",\"name\":\"SmartFOOD\",\"description\":\"Kindla kalorite hulgaga kogu p\u00e4eva toit koju v\u00f5i kontorisse\",\"potentialAction\":[{\"@type\":\"SearchAction\",\"target\":{\"@type\":\"EntryPoint\",\"urlTemplate\":\"https:\/\/smartfood.ee\/en\/?s={search_term_string}\"},\"query-input\":{\"@type\":\"PropertyValueSpecification\",\"valueRequired\":true,\"valueName\":\"search_term_string\"}}],\"inLanguage\":\"en-US\"}]}<\/script>\n<!-- \/ Yoast SEO Premium plugin. -->","yoast_head_json":{"title":"Calorie calculator - SmartFOOD","description":"Kindla kalorite hulgaga kogu p\u00e4eva toit koju v\u00f5i kontorisse","robots":{"index":"index","follow":"follow","max-snippet":"max-snippet:-1","max-image-preview":"max-image-preview:large","max-video-preview":"max-video-preview:-1"},"canonical":"https:\/\/smartfood.ee\/en\/calorie-calculator\/","og_locale":"en_US","og_type":"article","og_title":"Calorie calculator","og_description":"Kindla kalorite hulgaga kogu p\u00e4eva toit koju v\u00f5i kontorisse","og_url":"https:\/\/smartfood.ee\/en\/calorie-calculator\/","og_site_name":"SmartFOOD","article_modified_time":"2022-01-30T20:04:21+00:00","twitter_card":"summary_large_image","schema":{"@context":"https:\/\/schema.org","@graph":[{"@type":"WebPage","@id":"https:\/\/smartfood.ee\/en\/calorie-calculator\/","url":"https:\/\/smartfood.ee\/en\/calorie-calculator\/","name":"Calorie calculator - SmartFOOD","isPartOf":{"@id":"https:\/\/smartfood.ee\/en\/#website"},"datePublished":"2021-03-23T14:53:48+00:00","dateModified":"2022-01-30T20:04:21+00:00","breadcrumb":{"@id":"https:\/\/smartfood.ee\/en\/calorie-calculator\/#breadcrumb"},"inLanguage":"en-US","potentialAction":[{"@type":"ReadAction","target":["https:\/\/smartfood.ee\/en\/calorie-calculator\/"]}]},{"@type":"BreadcrumbList","@id":"https:\/\/smartfood.ee\/en\/calorie-calculator\/#breadcrumb","itemListElement":[{"@type":"ListItem","position":1,"name":"Home","item":"https:\/\/smartfood.ee\/en\/"},{"@type":"ListItem","position":2,"name":"Calorie calculator"}]},{"@type":"WebSite","@id":"https:\/\/smartfood.ee\/en\/#website","url":"https:\/\/smartfood.ee\/en\/","name":"SmartFOOD","description":"Kindla kalorite hulgaga kogu p\u00e4eva toit koju v\u00f5i kontorisse","potentialAction":[{"@type":"SearchAction","target":{"@type":"EntryPoint","urlTemplate":"https:\/\/smartfood.ee\/en\/?s={search_term_string}"},"query-input":{"@type":"PropertyValueSpecification","valueRequired":true,"valueName":"search_term_string"}}],"inLanguage":"en-US"}]}},"_links":{"self":[{"href":"https:\/\/smartfood.ee\/en\/wp-json\/wp\/v2\/pages\/7084","targetHints":{"allow":["GET"]}}],"collection":[{"href":"https:\/\/smartfood.ee\/en\/wp-json\/wp\/v2\/pages"}],"about":[{"href":"https:\/\/smartfood.ee\/en\/wp-json\/wp\/v2\/types\/page"}],"author":[{"embeddable":true,"href":"https:\/\/smartfood.ee\/en\/wp-json\/wp\/v2\/users\/11"}],"replies":[{"embeddable":true,"href":"https:\/\/smartfood.ee\/en\/wp-json\/wp\/v2\/comments?post=7084"}],"version-history":[{"count":0,"href":"https:\/\/smartfood.ee\/en\/wp-json\/wp\/v2\/pages\/7084\/revisions"}],"wp:attachment":[{"href":"https:\/\/smartfood.ee\/en\/wp-json\/wp\/v2\/media?parent=7084"}],"curies":[{"name":"wp","href":"https:\/\/api.w.org\/{rel}","templated":true}]}}