{"id":7011,"date":"2021-03-23T17:51:09","date_gmt":"2021-03-23T15:51:09","guid":{"rendered":"https:\/\/smartfood.ee\/?page_id=7011"},"modified":"2025-08-18T09:39:20","modified_gmt":"2025-08-18T06:39:20","slug":"frequently-asked-questions","status":"publish","type":"page","link":"https:\/\/smartfood.ee\/en\/frequently-asked-questions\/","title":{"rendered":"Frequently asked questions"},"content":{"rendered":"<div class=\"align wp-block-hero\">\n  <div class=\"wp-block-hero__inner-container\">\n    <div class=\"wp-block-hero__content\">\n\n              <span class=\"wp-block-hero__upper-text\">\n          Good to know\n        <\/span>\n      \n      <div class=\"wp-block-hero__inner-blocks wysiwyg\">\n        <div class=\"acf-innerblocks-container\">\n\n<h1 class=\"wp-block-heading\" id=\"kordumakippuvadkusimused\">Frequently<br\/>asked<br\/>questions<\/h1>\n\n\n\n<p>Here you can find the answers to some frequently asked questions that may occur during ordering. <br\/>If you have any additional queries, feel free to contact us! <\/p>\n\n<\/div>\n      <\/div>\n\n              <svg class=\"block w-6 arrow mt-4\" width=\"38\" height=\"61\" viewBox=\"0 0 38 61\" fill=\"none\" xmlns=\"http:\/\/www.w3.org\/2000\/svg\">\n<path d=\"M18.6415 3V36.8636C18.6415 37.9682 17.7461 38.8636 16.6415 38.8636H4.65639C2.89953 38.8636 1.99631 40.9665 3.2059 42.2406L17.2182 57.0007C17.9965 57.8206 19.2992 57.8329 20.0929 57.0278L34.6441 42.2677C35.8902 41.0038 34.9948 38.8636 33.2198 38.8636H27.9623\" stroke=\"#FFC95C\" stroke-width=\"5\" stroke-linecap=\"round\" stroke-linejoin=\"round\"\/>\n<\/svg>      \n    <\/div>\n\n    <div class=\"wp-block-hero__media\">\n      <svg class=\"wp-block-hero__media-svg\" width=\"487\" height=\"486\" viewBox=\"0 0 487 486\" fill=\"#efefef\" xmlns=\"http:\/\/www.w3.org\/2000\/svg\">\n<path fill-rule=\"evenodd\" clip-rule=\"evenodd\" d=\"M247.477 485.16C208.94 484.007 170.683 481.468 132.793 474.595C113.42 471.084 94.7714 465.223 77.2323 456.254C59.7514 447.305 47.8598 433.227 40.4467 415.087C31.3821 392.889 25.0709 369.886 19.332 346.676C10.8721 312.426 4.01442 277.797 1.13894 242.697C-2.89338 193.452 5.2626 146.663 35.3683 105.591C45.3028 92.0279 54.7393 78.0983 64.4902 64.4015C82.7415 38.7428 107.732 22.6621 137.646 14.0946C161.411 7.27657 185.662 2.78912 210.417 1.6129C225.665 0.885337 240.981 -0.462271 256.186 0.159391C298.598 1.87886 340.334 7.74948 380.159 23.5093C401.089 31.7881 420.332 42.9223 437.372 57.7088C456.122 73.9682 467.001 94.9203 472.791 118.674C479.39 145.698 484.816 172.933 485.554 200.861C486.124 222.008 487.627 243.191 486.711 264.286C485.936 282.193 483.248 300.165 479.719 317.769C474.741 342.662 468.725 367.357 463.439 392.213C454.694 433.271 428.318 458.41 388.446 469.944C369.573 475.395 350.35 478.726 330.706 479.853C302.949 481.441 275.218 483.375 247.477 485.16ZM466.852 313.506L466.341 313.491C465.496 281.767 464.645 250.038 463.78 218.315C463.717 215.96 463.43 213.627 463.202 211.28C461.782 196.502 459.933 181.743 459.018 166.934C457.382 140.846 452.047 115.75 440.034 92.4183C426.426 65.9973 406.128 46.7121 378.265 35.645C353.622 25.852 327.916 21.2983 301.557 20.3072C278.406 19.4301 255.432 21.4939 232.462 24.574C196.235 29.4519 160.923 37.8213 126.588 50.2771C104.803 58.1841 83.617 67.4007 65.4296 82.2284C59.3577 87.1783 53.0715 92.0772 49.9996 99.6366C44.8509 112.306 39.4847 124.904 35.0053 137.812C28.6885 156.079 26.6958 175.191 25.4783 194.367C24.3199 212.718 22.4775 231.088 22.5568 249.445C22.6408 267.409 24.2358 285.426 26.138 303.326C28.7742 328.3 34.0288 352.845 43.0991 376.316C58.656 416.581 86.0778 444.63 127.708 458.53C154.779 467.569 182.591 471.113 210.782 472.185C225.989 472.78 241.27 471.202 256.53 470.783C284.405 470.017 311.848 465.719 339.227 460.872C372.303 455.017 402.602 443.11 427.361 419.741C446.622 401.57 460.019 379.467 464.901 353.351C467.324 340.403 466.315 326.811 466.852 313.506ZM471.059 330.941C471.644 331.131 472.24 331.311 472.833 331.499C475.123 318.862 477.764 306.264 479.634 293.563C483.455 267.489 484.406 241.316 480.915 215.09C479.718 206.174 478.551 197.252 477.769 188.289C476.254 170.76 475.65 153.119 473.492 135.666C469.091 99.9971 452.545 71.3037 422.689 50.6255C408.774 40.9926 394.079 32.9482 378.334 26.7186C339.644 11.3873 299.292 4.68321 257.919 4.00335C242.291 3.73738 226.632 5.23293 211 6.12621C187.075 7.49322 163.596 11.8424 140.492 18.0227C109.914 26.2021 84.9565 42.9182 66.3714 68.737C64.4587 71.3983 63.1232 74.4669 61.1483 78.0296C63.1232 77.6836 63.9688 77.7911 64.4627 77.4209C96.0971 54.5277 131.55 40.5674 169.366 31.8512C199.561 24.89 230.07 20.5602 260.947 17.8707C292.841 15.1051 324.333 16.1197 355.44 23.6677C387.698 31.5036 415.125 47.2432 434.205 75.1897C439.465 82.8857 444.013 91.2995 447.52 99.9421C460.759 132.535 467.18 166.753 468.338 201.747C469.718 243.271 469.772 284.832 470.442 326.376C470.459 327.9 470.847 329.42 471.059 330.941ZM459.869 388C459.1 387.722 458.333 387.452 457.567 387.17C454.248 392.451 451.438 398.126 447.52 402.919C440.38 411.68 433.284 420.673 424.938 428.189C406.48 444.798 384.078 454.246 360.303 460.346C320.302 470.612 279.39 474.491 238.306 476.739C223.855 477.529 209.444 476.349 194.976 475.186C173.79 473.49 152.967 470.426 132.606 464.74C104.781 456.967 80.5192 443.04 62.3261 420.076C46.9972 400.724 37.4653 378.461 31.2172 354.753C20.6328 314.638 18.6837 273.674 18.3911 232.405C18.1299 196.371 24.1348 161.504 33.8469 127.056C35.5122 121.172 37.5518 115.394 39.4208 109.574C26.5462 122.64 19.0661 138.403 14.0443 155.452C9.49054 170.94 8.79047 187.018 6.58919 202.899C3.68945 223.788 4.67731 244.526 8.04512 264.934C12.9764 295.023 19.5172 324.872 26.0951 354.663C30.8299 376.071 37.2438 397.053 46.445 417.094C53.5873 432.641 64.3778 444.778 79.7973 452.115C90.7067 457.297 101.965 462.063 113.512 465.542C147.124 475.697 181.985 477.88 216.766 479.22C258.294 480.814 299.852 480.033 341.168 474.826C360.201 472.414 378.974 468.614 397.161 462.143C426.991 451.554 446.384 431.081 455.97 401.103C457.366 396.757 458.578 392.366 459.869 388Z\" fill=\"currentColor\"\/>\n<\/svg>      <div class=\"wp-block-hero__media-wrap\">\n        <div class=\"wp-block-hero__media-inner\">\n                      <img loading=\"lazy\" decoding=\"async\" width=\"1335\" height=\"2000\" src=\"https:\/\/smartfood.ee\/app\/uploads\/2022\/01\/smartfood-emotion-104.jpg\" class=\"wp-block-hero__media-img\" alt=\"\" srcset=\"https:\/\/smartfood.ee\/app\/uploads\/2022\/01\/smartfood-emotion-104.jpg 1335w, https:\/\/smartfood.ee\/app\/uploads\/2022\/01\/smartfood-emotion-104-200x300.jpg 200w, https:\/\/smartfood.ee\/app\/uploads\/2022\/01\/smartfood-emotion-104-684x1024.jpg 684w, https:\/\/smartfood.ee\/app\/uploads\/2022\/01\/smartfood-emotion-104-768x1151.jpg 768w, https:\/\/smartfood.ee\/app\/uploads\/2022\/01\/smartfood-emotion-104-1025x1536.jpg 1025w, https:\/\/smartfood.ee\/app\/uploads\/2022\/01\/smartfood-emotion-104-600x899.jpg 600w\" sizes=\"auto, (max-width: 1335px) 100vw, 1335px\" \/>\n                            <\/div>\n      <\/div>\n    <\/div>\n  <\/div>\n<\/div>\n<div class=\"wp-block-whitespace alignfull wpbw-medium wpbw-sm-medium wpbw-md-medium wpbw-lg-medium wpbw-xl-medium wpbw-xxl-medium wpbw-xxxl-medium\"><\/div>\n\n<h3 class=\"wp-block-heading uppercase\" id=\"kui-kiiresti-parast-tellimuse-esitamist-ma-oma-toidupaketti-saama-hakkan\">When will I start receiving my meals?<\/h3>\n\n<p>The first possible date of the order can be seen in the calendar at the time of ordering.<\/p>\n\n<h3 class=\"wp-block-heading uppercase\" id=\"kas-tootate-ka-nadalavahetustel-ning-riigipuhadel\">Do you also work on the weekends and holidays?<\/h3>\n\n<p>We offer our services on weekdays only. The provided calendar on our page shows our working days and outlines any holidays that could interfere with the service.  <\/p>\n\n<h3 class=\"wp-block-heading uppercase\" id=\"mis-juhtub-kui-ma-ei-ole-kohaletoomise-ajal-etteantud-aadressil\">What happens if I\u2019m not there when food arrives?<\/h3>\n\n<p>The daily courier service is calculated to the minute, and therefore, we have to take into account that other customers are waiting and with one delay the whole schedule will be delayed\u2026 The courier waits for the customer for a maximum of 3 minutes \u2013 if the customer does not come to the door or answer the phone, we will not be able to complete the delivery. If possible, the courier will deliver the food package to the customer at the end of the working day (between 10.00am and 11.00). If the courier\u2019s schedule is such that its last destination is unfeasibly far from the customer\u2019s address (this is assessed by the courier), then the courier will return the food package to our kitchen. The customer has the opportunity to follow the delivery truck between 12.00 and 15.00 by notifying the customer advisor by e-mail info@smartfood.ee no later than 12.00 in the afternoon. Thank you for understanding!     <\/p>\n\n<h3 class=\"wp-block-heading uppercase\" id=\"kas-ma-voin-tellimuses-toodud-aadressi-ja-kellaaega-muuta\">Can I change the address and desired time of the order?<\/h3>\n\n<p>Jah, saad seda teha kliendikeskkonnas eelmisel p\u00e4eval kuni 12.00. Peale seda ei ole enam v\u00f5imalik muudatusi teha. Samuti ei saa me arvestada peale 12.00 saabunud vastavasisulisi emaile. N\u00e4ide: kui soovid neljap\u00e4evaks aadressi ja\/v\u00f5i kella-aega muuta, siis saad seda teha kliendikeskkonnas kolmap\u00e4eval kuni 12.00.    <\/p>\n\n<h3 class=\"wp-block-heading uppercase\" id=\"kas-ma-voin-oma-tellimuse-perioodi-keskel-peatada-ning-sobival-ajal-uuesti-taastada\">Can I stop and resume my order at any time during the order period?<\/h3>\n\n<p>Yes, you can do this in the customer portal the day before delivery until 16.00pm. After that, you cannot make any further changes. The order will then be extended by the number of unused days. Example: if you want to take a break on Thursday, you can mark it off in the customer portal until 16.00pm on Tuesday.     <\/p>\n\n<h3 class=\"wp-block-heading uppercase\" id=\"kas-ma-saan-vajadusel-oma-tellimuse-perioodi-keskel-kaloraazi-muuta\">Can I change the calorie package in the middle of my order period?<\/h3>\n\n<p>Yes, please notify the request to the client advisor (info@smartfood.ee) the day before the previous working day, no later than 12.00 in the afternoon. The client advisor will then calculate the new price according to the price list. The fee for changing the caloric intake is 15 euros. If the new final amount is less than what the client has already paid, then the client will be refunded the difference. The new calorie package will take effect upon payment of the missing amount, if applicable. If the new final amount is less than the original package price, the difference can also be retained for the user to prepay for their next order.     <\/p>\n\n<h3 class=\"wp-block-heading uppercase\" id=\"kuidas-ma-tean-millal-millist-toidukorda-tarbida\">How will I know which meal to eat in what order?<\/h3>\n\n<p>We will send a daily menu to your e-mail address the night before. The food containers are also numbered from 1 to 5, signifying the order of consumption throughout the day. <\/p>\n\n<h3 class=\"wp-block-heading uppercase\" id=\"kuidas-ma-toitu-soojendan\">How do I heat the meals?<\/h3>\n\n<p>SmartFOOD uses special food-friendly packaging that can be placed in the oven for heating. Remove the lid and reheat the food in the package, removing the salad or anything else that should not be heated. For best results, heat the food to a maximum of 100 degrees for up to 15 minutes. Be sure to use the \u201chot air\u201d function, not \u201cbaking\u201d, \u201cgrill\u201d, etc.! If you are in a hurry and need to use a microwave, then 1.5 to 2 minutes will do the trick.    <\/p>\n\n<h3 class=\"wp-block-heading uppercase\" id=\"kui-kaua-toit-sailib\">How long does the food last?<\/h3>\n\n<p>We recommend consuming the food within the same day that it is delivered.<\/p>\n\n<h3 class=\"wp-block-heading uppercase\" id=\"millises-piirkonnas-smartfood-teenust-tellida-saab\">In which area can the smartFOOD service be ordered to?<\/h3>\n\n<p>We deliver within Tallinn and its vicinity. If you are located within the vicinity of Tallinn and it is not possible to order through the online system, please email info@smartfood.ee and send your exact address. lso add if it is a private house or an apartment building. The customer service representative will calculate the options for delivery and get back to you with whether it is possible to order to the given address or not.<\/p>\n\n<h3 class=\"wp-block-heading uppercase\" id=\"millised-on-voimalikud-kohaletoomise-ajad\">What are the possible delivery times?<\/h3>\n\n<p>Delivery in Tallinn takes place on weekdays from 07:00am to 11:00am. We can also deliver earlier upon prior arrangements and if the delivery schedule allows it. You can choose the suitable 1 hour time range during which the courier will deliver the order to you. <\/p>\n\n<p><\/p>\n\n<p>Outside of Tallinn, the courier will leave your order inside a thermal box before you wake up (between 5.00am and 7.00am) \u2013 this means that you do not have to wait for the courier and you will receive the food package without direct contact. We can offer this option if you have easy access to your house \/ apartment (for example, in the case of private houses, the thermal box can be kept next to the foot gate or the front door. In the case of an apartment building with a closed external door, the courier should be given a lock code or a key to access the hallway, etc.).<\/p>\n\n<p>The user has to return the thermal box in the end of the order. If the box is lost or broken, the user has to pay for the new one. <\/p>\n\n<h3 class=\"wp-block-heading uppercase\" id=\"kuidas-toite-kohale-toimetatakse\">How is the food delivered?<\/h3>\n\n<p>SmartFOOD delivers the food in special refrigerated trucks. Please place the delivered food in the refrigerator as soon as you receive it. The food storage temperature is +2 to +6 degrees.<\/p>\n","protected":false},"excerpt":{"rendered":"<p>When will I start receiving my meals? The first possible date of the order can be seen in the calendar at the time of ordering. Do you also work on the weekends and holidays? We offer our services on weekdays only. The provided calendar on our page shows our working days and outlines any holidays &hellip; <a href=\"https:\/\/smartfood.ee\/en\/frequently-asked-questions\/\">Continued<\/a><\/p>\n","protected":false},"author":1,"featured_media":0,"parent":0,"menu_order":0,"comment_status":"closed","ping_status":"closed","template":"","meta":{"footnotes":""},"class_list":["post-7011","page","type-page","status-publish","hentry"],"acf":[],"yoast_head":"<!-- This site is optimized with the Yoast SEO Premium plugin v26.1 (Yoast SEO v26.1.1) - https:\/\/yoast.com\/wordpress\/plugins\/seo\/ -->\n<title>Frequently asked questions - SmartFOOD<\/title>\n<meta name=\"description\" content=\"Kindla kalorite hulgaga kogu p\u00e4eva toit koju v\u00f5i kontorisse\" \/>\n<meta name=\"robots\" content=\"index, follow, max-snippet:-1, max-image-preview:large, max-video-preview:-1\" \/>\n<link rel=\"canonical\" href=\"https:\/\/smartfood.ee\/en\/frequently-asked-questions\/\" \/>\n<meta property=\"og:locale\" content=\"en_US\" \/>\n<meta property=\"og:type\" content=\"article\" \/>\n<meta property=\"og:title\" content=\"Frequently asked questions\" \/>\n<meta property=\"og:description\" content=\"Kindla kalorite hulgaga kogu p\u00e4eva toit koju v\u00f5i kontorisse\" \/>\n<meta property=\"og:url\" content=\"https:\/\/smartfood.ee\/en\/frequently-asked-questions\/\" \/>\n<meta property=\"og:site_name\" content=\"SmartFOOD\" \/>\n<meta property=\"article:modified_time\" content=\"2025-08-18T06:39:20+00:00\" \/>\n<meta name=\"twitter:card\" content=\"summary_large_image\" \/>\n<meta name=\"twitter:label1\" content=\"Est. reading time\" \/>\n\t<meta name=\"twitter:data1\" content=\"6 minutes\" \/>\n<script type=\"application\/ld+json\" class=\"yoast-schema-graph\">{\"@context\":\"https:\/\/schema.org\",\"@graph\":[{\"@type\":\"WebPage\",\"@id\":\"https:\/\/smartfood.ee\/en\/frequently-asked-questions\/\",\"url\":\"https:\/\/smartfood.ee\/en\/frequently-asked-questions\/\",\"name\":\"Frequently asked questions - SmartFOOD\",\"isPartOf\":{\"@id\":\"https:\/\/smartfood.ee\/en\/#website\"},\"datePublished\":\"2021-03-23T15:51:09+00:00\",\"dateModified\":\"2025-08-18T06:39:20+00:00\",\"breadcrumb\":{\"@id\":\"https:\/\/smartfood.ee\/en\/frequently-asked-questions\/#breadcrumb\"},\"inLanguage\":\"en-US\",\"potentialAction\":[{\"@type\":\"ReadAction\",\"target\":[\"https:\/\/smartfood.ee\/en\/frequently-asked-questions\/\"]}]},{\"@type\":\"BreadcrumbList\",\"@id\":\"https:\/\/smartfood.ee\/en\/frequently-asked-questions\/#breadcrumb\",\"itemListElement\":[{\"@type\":\"ListItem\",\"position\":1,\"name\":\"Home\",\"item\":\"https:\/\/smartfood.ee\/en\/\"},{\"@type\":\"ListItem\",\"position\":2,\"name\":\"Frequently asked questions\"}]},{\"@type\":\"WebSite\",\"@id\":\"https:\/\/smartfood.ee\/en\/#website\",\"url\":\"https:\/\/smartfood.ee\/en\/\",\"name\":\"SmartFOOD\",\"description\":\"Kindla kalorite hulgaga kogu p\u00e4eva toit koju v\u00f5i kontorisse\",\"potentialAction\":[{\"@type\":\"SearchAction\",\"target\":{\"@type\":\"EntryPoint\",\"urlTemplate\":\"https:\/\/smartfood.ee\/en\/?s={search_term_string}\"},\"query-input\":{\"@type\":\"PropertyValueSpecification\",\"valueRequired\":true,\"valueName\":\"search_term_string\"}}],\"inLanguage\":\"en-US\"}]}<\/script>\n<!-- \/ Yoast SEO Premium plugin. -->","yoast_head_json":{"title":"Frequently asked questions - SmartFOOD","description":"Kindla kalorite hulgaga kogu p\u00e4eva toit koju v\u00f5i kontorisse","robots":{"index":"index","follow":"follow","max-snippet":"max-snippet:-1","max-image-preview":"max-image-preview:large","max-video-preview":"max-video-preview:-1"},"canonical":"https:\/\/smartfood.ee\/en\/frequently-asked-questions\/","og_locale":"en_US","og_type":"article","og_title":"Frequently asked questions","og_description":"Kindla kalorite hulgaga kogu p\u00e4eva toit koju v\u00f5i kontorisse","og_url":"https:\/\/smartfood.ee\/en\/frequently-asked-questions\/","og_site_name":"SmartFOOD","article_modified_time":"2025-08-18T06:39:20+00:00","twitter_card":"summary_large_image","twitter_misc":{"Est. reading time":"6 minutes"},"schema":{"@context":"https:\/\/schema.org","@graph":[{"@type":"WebPage","@id":"https:\/\/smartfood.ee\/en\/frequently-asked-questions\/","url":"https:\/\/smartfood.ee\/en\/frequently-asked-questions\/","name":"Frequently asked questions - SmartFOOD","isPartOf":{"@id":"https:\/\/smartfood.ee\/en\/#website"},"datePublished":"2021-03-23T15:51:09+00:00","dateModified":"2025-08-18T06:39:20+00:00","breadcrumb":{"@id":"https:\/\/smartfood.ee\/en\/frequently-asked-questions\/#breadcrumb"},"inLanguage":"en-US","potentialAction":[{"@type":"ReadAction","target":["https:\/\/smartfood.ee\/en\/frequently-asked-questions\/"]}]},{"@type":"BreadcrumbList","@id":"https:\/\/smartfood.ee\/en\/frequently-asked-questions\/#breadcrumb","itemListElement":[{"@type":"ListItem","position":1,"name":"Home","item":"https:\/\/smartfood.ee\/en\/"},{"@type":"ListItem","position":2,"name":"Frequently asked questions"}]},{"@type":"WebSite","@id":"https:\/\/smartfood.ee\/en\/#website","url":"https:\/\/smartfood.ee\/en\/","name":"SmartFOOD","description":"Kindla kalorite hulgaga kogu p\u00e4eva toit koju v\u00f5i kontorisse","potentialAction":[{"@type":"SearchAction","target":{"@type":"EntryPoint","urlTemplate":"https:\/\/smartfood.ee\/en\/?s={search_term_string}"},"query-input":{"@type":"PropertyValueSpecification","valueRequired":true,"valueName":"search_term_string"}}],"inLanguage":"en-US"}]}},"_links":{"self":[{"href":"https:\/\/smartfood.ee\/en\/wp-json\/wp\/v2\/pages\/7011","targetHints":{"allow":["GET"]}}],"collection":[{"href":"https:\/\/smartfood.ee\/en\/wp-json\/wp\/v2\/pages"}],"about":[{"href":"https:\/\/smartfood.ee\/en\/wp-json\/wp\/v2\/types\/page"}],"author":[{"embeddable":true,"href":"https:\/\/smartfood.ee\/en\/wp-json\/wp\/v2\/users\/1"}],"replies":[{"embeddable":true,"href":"https:\/\/smartfood.ee\/en\/wp-json\/wp\/v2\/comments?post=7011"}],"version-history":[{"count":4,"href":"https:\/\/smartfood.ee\/en\/wp-json\/wp\/v2\/pages\/7011\/revisions"}],"predecessor-version":[{"id":41155,"href":"https:\/\/smartfood.ee\/en\/wp-json\/wp\/v2\/pages\/7011\/revisions\/41155"}],"wp:attachment":[{"href":"https:\/\/smartfood.ee\/en\/wp-json\/wp\/v2\/media?parent=7011"}],"curies":[{"name":"wp","href":"https:\/\/api.w.org\/{rel}","templated":true}]}}